{"id":10,"date":"2011-11-27T01:09:37","date_gmt":"2011-11-27T01:09:37","guid":{"rendered":"http:\/\/www.lionconsult.sk\/?page_id=10"},"modified":"2012-01-26T16:36:19","modified_gmt":"2012-01-26T16:36:19","slug":"kontakt","status":"publish","type":"page","link":"https:\/\/www.lionconsult.sk\/?page_id=10","title":{"rendered":"Kontakt"},"content":{"rendered":"<p>S\u00eddlo a faktura\u010dn\u00e1 adresa:<\/p>\n<p><strong>LIONCONSULT s.r.o.<\/strong><br \/>\nMeteorov\u00e1 5<br \/>\n821 02 Bratislava 2<br \/>\nI\u010cO: 35867485<br \/>\nDI\u010c: 2021749939<br \/>\nI\u010c DPH: SK2021749939<\/p>\n<p>e-mail: lionconsult<span style=\"color: #888888;\"><em>&#8222;zavinac&#8220;<\/em><\/span> lionconsult.sk<\/p>\n<p>&nbsp;<\/p>\n","protected":false},"excerpt":{"rendered":"<p>S\u00eddlo a faktura\u010dn\u00e1 adresa: LIONCONSULT s.r.o. Meteorov\u00e1 5 821 02 Bratislava 2 I\u010cO: 35867485 DI\u010c: 2021749939 I\u010c DPH: SK2021749939 e-mail: lionconsult&#8222;zavinac&#8220; lionconsult.sk &nbsp;<\/p>\n","protected":false},"author":1,"featured_media":64,"parent":0,"menu_order":6,"comment_status":"closed","ping_status":"open","template":"","meta":{"footnotes":""},"class_list":["post-10","page","type-page","status-publish","has-post-thumbnail","hentry"],"_links":{"self":[{"href":"https:\/\/www.lionconsult.sk\/index.php?rest_route=\/wp\/v2\/pages\/10","targetHints":{"allow":["GET"]}}],"collection":[{"href":"https:\/\/www.lionconsult.sk\/index.php?rest_route=\/wp\/v2\/pages"}],"about":[{"href":"https:\/\/www.lionconsult.sk\/index.php?rest_route=\/wp\/v2\/types\/page"}],"author":[{"embeddable":true,"href":"https:\/\/www.lionconsult.sk\/index.php?rest_route=\/wp\/v2\/users\/1"}],"replies":[{"embeddable":true,"href":"https:\/\/www.lionconsult.sk\/index.php?rest_route=%2Fwp%2Fv2%2Fcomments&post=10"}],"version-history":[{"count":23,"href":"https:\/\/www.lionconsult.sk\/index.php?rest_route=\/wp\/v2\/pages\/10\/revisions"}],"predecessor-version":[{"id":129,"href":"https:\/\/www.lionconsult.sk\/index.php?rest_route=\/wp\/v2\/pages\/10\/revisions\/129"}],"wp:featuredmedia":[{"embeddable":true,"href":"https:\/\/www.lionconsult.sk\/index.php?rest_route=\/wp\/v2\/media\/64"}],"wp:attachment":[{"href":"https:\/\/www.lionconsult.sk\/index.php?rest_route=%2Fwp%2Fv2%2Fmedia&parent=10"}],"curies":[{"name":"wp","href":"https:\/\/api.w.org\/{rel}","templated":true}]}}