{"id":26,"date":"2011-11-29T22:41:32","date_gmt":"2011-11-29T22:41:32","guid":{"rendered":"http:\/\/www.lionconsult.sk\/?page_id=26"},"modified":"2013-05-27T10:37:57","modified_gmt":"2013-05-27T10:37:57","slug":"certifikovane-uctovnictvo","status":"publish","type":"page","link":"https:\/\/www.lionconsult.sk\/?page_id=26","title":{"rendered":"Certifikovan\u00e9 \u00fa\u010dtovn\u00edctvo"},"content":{"rendered":"<p><strong>LIONCONSULT, s.r.o.<\/strong><strong> zabezpe\u010duje <strong>slu\u017eby certifikovan\u00e9ho \u00fa\u010dtovn\u00edctva<\/strong> (majite\u013e je dr\u017eite\u013e certifik\u00e1cie <strong>Slovenskej Komory Certifikovan\u00fdch \u00da\u010dtovn\u00edkov II. stupe\u0148<\/strong>):<\/strong><\/p>\n<p>&#8211; <strong>Komplexn\u00e9 vedenie podvojn\u00e9ho a jednoduch\u00e9ho \u00fa\u010dtovn\u00edctva podnikate\u013esk\u00fdch subjektov<\/strong> vr\u00e1tane mzdovej agendy, \u00fa\u010dtovnej z\u00e1vierky, sledovania da\u0148ov\u00fdch povinnost\u00ed, styku s\u00a0da\u0148ov\u00fdmi \u00faradmi, mo\u017enos\u0165 zabezpe\u010denia auditu a\u00a0stanoviska da\u0148ov\u00e9ho poradcu.<\/p>\n<p>&#8211; <strong>Komplexn\u00e9 vedenie podvojn\u00e9ho a jednoduch\u00e9ho \u00fa\u010dtovn\u00edctva neziskov\u00fdch organiz\u00e1ci\u00ed<\/strong> vr\u00e1tane mzdovej agendy, \u00fa\u010dtovnej z\u00e1vierky, sledovania da\u0148ov\u00fdch povinnost\u00ed, styku s\u00a0da\u0148ov\u00fdmi \u00faradmi, mo\u017enos\u0165 zabezpe\u010denia auditu a\u00a0stanoviska da\u0148ov\u00e9ho poradcu.<\/p>\n<p>&#8211; <strong>\u00da\u010dtovn\u00e9 poradenstvo<\/strong><\/p>\n<p><strong>Referencie\u00a0<\/strong> <strong>&#8211; na\u0161imi klientami s\u00fa:<\/strong><\/p>\n<p>&#8211;\u00a0\u00a0\u00a0 advok\u00e1tske kancel\u00e1rie<br \/>\n&#8211;\u00a0\u00a0\u00a0 not\u00e1rske \u00farady<br \/>\n&#8211;\u00a0\u00a0\u00a0 ambulancie lek\u00e1rov<br \/>\n&#8211;\u00a0\u00a0\u00a0 lek\u00e1rne<br \/>\n&#8211;\u00a0\u00a0\u00a0 autoservisy<br \/>\n&#8211;\u00a0\u00a0\u00a0 poradensk\u00e9 firmy<br \/>\n&#8211;\u00a0\u00a0\u00a0 zdru\u017eenia pr\u00e1vnick\u00fdch os\u00f4b (neziskov\u00e9 organiz\u00e1cie)<br \/>\n&#8211;\u00a0\u00a0\u00a0 vydavate\u013estvo<br \/>\n&#8211;\u00a0\u00a0\u00a0 obchodn\u00e9 spolo\u010dnosti<br \/>\n&#8211;\u00a0\u00a0\u00a0 spolo\u010dnosti poskytuj\u00face slu\u017eby<br \/>\n&#8211;\u00a0\u00a0\u00a0 SZ\u010cO \u2013 \u017eivnostn\u00edci<br \/>\n&#8211;\u00a0\u00a0\u00a0 SZ\u010cO &#8211; umelci<\/p>\n","protected":false},"excerpt":{"rendered":"<p>LIONCONSULT, s.r.o. zabezpe\u010duje slu\u017eby certifikovan\u00e9ho \u00fa\u010dtovn\u00edctva (majite\u013e je dr\u017eite\u013e certifik\u00e1cie Slovenskej Komory Certifikovan\u00fdch \u00da\u010dtovn\u00edkov II. stupe\u0148): &#8211; Komplexn\u00e9 vedenie podvojn\u00e9ho a jednoduch\u00e9ho \u00fa\u010dtovn\u00edctva podnikate\u013esk\u00fdch subjektov vr\u00e1tane mzdovej agendy, \u00fa\u010dtovnej z\u00e1vierky, sledovania da\u0148ov\u00fdch povinnost\u00ed, styku s\u00a0da\u0148ov\u00fdmi \u00faradmi, mo\u017enos\u0165 zabezpe\u010denia auditu a\u00a0stanoviska &hellip; <a href=\"https:\/\/www.lionconsult.sk\/?page_id=26\">Pokra\u010dova\u0165 v \u010d\u00edtan\u00ed <span class=\"meta-nav\">&rarr;<\/span><\/a><\/p>\n","protected":false},"author":1,"featured_media":0,"parent":0,"menu_order":1,"comment_status":"closed","ping_status":"closed","template":"","meta":{"footnotes":""},"class_list":["post-26","page","type-page","status-publish","hentry"],"_links":{"self":[{"href":"https:\/\/www.lionconsult.sk\/index.php?rest_route=\/wp\/v2\/pages\/26","targetHints":{"allow":["GET"]}}],"collection":[{"href":"https:\/\/www.lionconsult.sk\/index.php?rest_route=\/wp\/v2\/pages"}],"about":[{"href":"https:\/\/www.lionconsult.sk\/index.php?rest_route=\/wp\/v2\/types\/page"}],"author":[{"embeddable":true,"href":"https:\/\/www.lionconsult.sk\/index.php?rest_route=\/wp\/v2\/users\/1"}],"replies":[{"embeddable":true,"href":"https:\/\/www.lionconsult.sk\/index.php?rest_route=%2Fwp%2Fv2%2Fcomments&post=26"}],"version-history":[{"count":14,"href":"https:\/\/www.lionconsult.sk\/index.php?rest_route=\/wp\/v2\/pages\/26\/revisions"}],"predecessor-version":[{"id":157,"href":"https:\/\/www.lionconsult.sk\/index.php?rest_route=\/wp\/v2\/pages\/26\/revisions\/157"}],"wp:attachment":[{"href":"https:\/\/www.lionconsult.sk\/index.php?rest_route=%2Fwp%2Fv2%2Fmedia&parent=26"}],"curies":[{"name":"wp","href":"https:\/\/api.w.org\/{rel}","templated":true}]}}