{"id":28,"date":"2011-11-29T22:42:10","date_gmt":"2011-11-29T22:42:10","guid":{"rendered":"http:\/\/www.lionconsult.sk\/?page_id=28"},"modified":"2013-05-27T10:46:04","modified_gmt":"2013-05-27T10:46:04","slug":"publikacna-cinnost","status":"publish","type":"page","link":"https:\/\/www.lionconsult.sk\/?page_id=28","title":{"rendered":"Publika\u010dn\u00e1 \u010dinnos\u0165"},"content":{"rendered":"<p><strong>Mana\u017ement spolo\u010dnosti <\/strong><strong>LIONCONSULT, s.r.o<\/strong><strong> zva\u017euje pr\u00edpravu nasledovn\u00fdch kni\u017en\u00fdch publik\u00e1ci\u00ed:<\/strong><\/p>\n<p>\u201e \u00daverov\u00e1 anal\u00fdza v\u00a0procese \u00faverovania banky\u201c<\/p>\n<p>\u201eFinan\u010dn\u00e1 anal\u00fdza \u017eiadate\u013ea o\u00a0\u00faver z\u00a0poh\u013eadu \u00faverov\u00e9ho analytika\u201c<\/p>\n<p>\u201eV\u00fdznam finan\u010dnej anal\u00fdzy v\u00a0jednoduchom \u00fa\u010dtovn\u00edctve + software\u201c<\/p>\n","protected":false},"excerpt":{"rendered":"<p>Mana\u017ement spolo\u010dnosti LIONCONSULT, s.r.o zva\u017euje pr\u00edpravu nasledovn\u00fdch kni\u017en\u00fdch publik\u00e1ci\u00ed: \u201e \u00daverov\u00e1 anal\u00fdza v\u00a0procese \u00faverovania banky\u201c \u201eFinan\u010dn\u00e1 anal\u00fdza \u017eiadate\u013ea o\u00a0\u00faver z\u00a0poh\u013eadu \u00faverov\u00e9ho analytika\u201c \u201eV\u00fdznam finan\u010dnej anal\u00fdzy v\u00a0jednoduchom \u00fa\u010dtovn\u00edctve + software\u201c<\/p>\n","protected":false},"author":1,"featured_media":0,"parent":0,"menu_order":5,"comment_status":"closed","ping_status":"closed","template":"","meta":{"footnotes":""},"class_list":["post-28","page","type-page","status-publish","hentry"],"_links":{"self":[{"href":"https:\/\/www.lionconsult.sk\/index.php?rest_route=\/wp\/v2\/pages\/28","targetHints":{"allow":["GET"]}}],"collection":[{"href":"https:\/\/www.lionconsult.sk\/index.php?rest_route=\/wp\/v2\/pages"}],"about":[{"href":"https:\/\/www.lionconsult.sk\/index.php?rest_route=\/wp\/v2\/types\/page"}],"author":[{"embeddable":true,"href":"https:\/\/www.lionconsult.sk\/index.php?rest_route=\/wp\/v2\/users\/1"}],"replies":[{"embeddable":true,"href":"https:\/\/www.lionconsult.sk\/index.php?rest_route=%2Fwp%2Fv2%2Fcomments&post=28"}],"version-history":[{"count":13,"href":"https:\/\/www.lionconsult.sk\/index.php?rest_route=\/wp\/v2\/pages\/28\/revisions"}],"predecessor-version":[{"id":76,"href":"https:\/\/www.lionconsult.sk\/index.php?rest_route=\/wp\/v2\/pages\/28\/revisions\/76"}],"wp:attachment":[{"href":"https:\/\/www.lionconsult.sk\/index.php?rest_route=%2Fwp%2Fv2%2Fmedia&parent=28"}],"curies":[{"name":"wp","href":"https:\/\/api.w.org\/{rel}","templated":true}]}}